{"id":2021,"date":"2023-05-25T13:21:33","date_gmt":"2023-05-25T11:21:33","guid":{"rendered":"https:\/\/packmonster.de\/?page_id=2021"},"modified":"2024-04-30T12:23:30","modified_gmt":"2024-04-30T10:23:30","slug":"kostenrechner","status":"publish","type":"page","link":"https:\/\/packmonster.de\/en\/kostenrechner\/","title":{"rendered":"Kostenrechner"},"content":{"rendered":"\t\t<div data-elementor-type=\"wp-page\" data-elementor-id=\"2021\" class=\"elementor elementor-2021\" data-elementor-post-type=\"page\">\n\t\t\t\t\t\t<section class=\"elementor-section elementor-top-section elementor-element elementor-element-565001b5 rechtstexte elementor-section-boxed elementor-section-height-default elementor-section-height-default\" data-id=\"565001b5\" data-element_type=\"section\" data-e-type=\"section\">\n\t\t\t\t\t\t<div class=\"elementor-container elementor-column-gap-default\">\n\t\t\t\t\t<div class=\"elementor-column elementor-col-100 elementor-top-column elementor-element elementor-element-1a1cda06\" data-id=\"1a1cda06\" data-element_type=\"column\" data-e-type=\"column\">\n\t\t\t<div class=\"elementor-widget-wrap elementor-element-populated\">\n\t\t\t\t\t\t<div class=\"elementor-element elementor-element-b76419d elementor-widget elementor-widget-heading\" data-id=\"b76419d\" data-element_type=\"widget\" data-e-type=\"widget\" data-widget_type=\"heading.default\">\n\t\t\t\t<div class=\"elementor-widget-container\">\n\t\t\t\t\t<h1 class=\"elementor-heading-title elementor-size-default\">Unser monsterm\u00e4\u00dfiges Angebot f\u00fcr Deinen Produktversand<\/h1>\t\t\t\t<\/div>\n\t\t\t\t<\/div>\n\t\t\t\t<div class=\"elementor-element elementor-element-dc09756 elementor-widget elementor-widget-text-editor\" data-id=\"dc09756\" data-element_type=\"widget\" data-e-type=\"widget\" data-widget_type=\"text-editor.default\">\n\t\t\t\t<div class=\"elementor-widget-container\">\n\t\t\t\t\t\t\t\t\t<p>Du willst Deine Produkte nicht mehr selbst verschicken und lieber unsere Monster t\u00e4tig werden lassen? Dann kalkuliere dir dein erstes unverbindliches Angebot in unserem neuen Fulfillment.\u00a0<\/p>\t\t\t\t\t\t\t\t<\/div>\n\t\t\t\t<\/div>\n\t\t\t\t<div class=\"elementor-element elementor-element-d3659fd elementor-widget elementor-widget-shortcode\" data-id=\"d3659fd\" data-element_type=\"widget\" data-e-type=\"widget\" data-widget_type=\"shortcode.default\">\n\t\t\t\t<div class=\"elementor-widget-container\">\n\t\t\t\t\t<script type=\"text\/javascript\">window[\"ccb_front_template_2035\"] = [];<\/script>\t\t<div class=\"elementor-shortcode\">\n<div class=\"ccb-main-widget \" id=\"ccb_app_2035\" data-calc-id=\"2035\"><\/div>\n<\/div>\n\t\t\t\t\t\t<\/div>\n\t\t\t\t<\/div>\n\t\t\t\t<div class=\"elementor-element elementor-element-783e7c1 elementor-widget elementor-widget-text-editor\" data-id=\"783e7c1\" data-element_type=\"widget\" data-e-type=\"widget\" data-widget_type=\"text-editor.default\">\n\t\t\t\t<div class=\"elementor-widget-container\">\n\t\t\t\t\t\t\t\t\t<p><strong>Dir gefallen unsere Preise?<\/strong> Dann schreib uns gerne und wir senden dir unsere aktuelle Preisliste und ein finales Angebot f\u00fcr deinen Umzug in unser Fulfillment zu! Die Packmonster freuen sich schon jetzt auf den Versand deiner Produkte!<\/p>\t\t\t\t\t\t\t\t<\/div>\n\t\t\t\t<\/div>\n\t\t\t\t\t<\/div>\n\t\t<\/div>\n\t\t\t\t\t<\/div>\n\t\t<\/section>\n\t\t\t\t<\/div>\n\t\t","protected":false},"excerpt":{"rendered":"<p>Unser monsterm\u00e4\u00dfiges Angebot f\u00fcr Deinen Produktversand Du willst Deine Produkte nicht mehr selbst verschicken und lieber unsere Monster t\u00e4tig werden lassen? Dann kalkuliere dir dein erstes unverbindliches Angebot in unserem neuen Fulfillment.\u00a0 Dir gefallen unsere Preise? Dann schreib uns gerne und wir senden dir unsere aktuelle Preisliste und ein finales Angebot f\u00fcr deinen Umzug in [&hellip;]<\/p>\n","protected":false},"author":1,"featured_media":0,"parent":0,"menu_order":0,"comment_status":"closed","ping_status":"closed","template":"","meta":{"footnotes":""},"class_list":["post-2021","page","type-page","status-publish","hentry"],"yoast_head":"<!-- This site is optimized with the Yoast SEO plugin v27.5 - https:\/\/yoast.com\/product\/yoast-seo-wordpress\/ -->\n<title>Kostenrechner | Packmonster Fulfillment<\/title>\n<meta name=\"robots\" content=\"index, follow, max-snippet:-1, max-image-preview:large, max-video-preview:-1\" \/>\n<link rel=\"canonical\" href=\"https:\/\/packmonster.de\/en\/kostenrechner\/\" \/>\n<meta property=\"og:locale\" content=\"en_GB\" \/>\n<meta property=\"og:type\" content=\"article\" \/>\n<meta property=\"og:title\" content=\"Kostenrechner | Packmonster Fulfillment\" \/>\n<meta property=\"og:description\" content=\"Unser monsterm\u00e4\u00dfiges Angebot f\u00fcr Deinen Produktversand Du willst Deine Produkte nicht mehr selbst verschicken und lieber unsere Monster t\u00e4tig werden lassen? Dann kalkuliere dir dein erstes unverbindliches Angebot in unserem neuen Fulfillment.\u00a0 Dir gefallen unsere Preise? Dann schreib uns gerne und wir senden dir unsere aktuelle Preisliste und ein finales Angebot f\u00fcr deinen Umzug in [&hellip;]\" \/>\n<meta property=\"og:url\" content=\"https:\/\/packmonster.de\/en\/kostenrechner\/\" \/>\n<meta property=\"og:site_name\" content=\"Packmonster Fulfillment\" \/>\n<meta property=\"article:modified_time\" content=\"2024-04-30T10:23:30+00:00\" \/>\n<meta property=\"og:image\" content=\"https:\/\/packmonster.de\/wp-content\/uploads\/2019\/09\/logo_packmonster.png\" \/>\n\t<meta property=\"og:image:width\" content=\"604\" \/>\n\t<meta property=\"og:image:height\" content=\"227\" \/>\n\t<meta property=\"og:image:type\" content=\"image\/png\" \/>\n<meta name=\"twitter:card\" content=\"summary_large_image\" \/>\n<meta name=\"twitter:label1\" content=\"Estimated reading time\" \/>\n\t<meta name=\"twitter:data1\" content=\"1 minute\" \/>\n<script type=\"application\/ld+json\" class=\"yoast-schema-graph\">{\"@context\":\"https:\\\/\\\/schema.org\",\"@graph\":[{\"@type\":\"WebPage\",\"@id\":\"https:\\\/\\\/packmonster.de\\\/kostenrechner\\\/\",\"url\":\"https:\\\/\\\/packmonster.de\\\/kostenrechner\\\/\",\"name\":\"Kostenrechner | Packmonster Fulfillment\",\"isPartOf\":{\"@id\":\"https:\\\/\\\/packmonster.de\\\/#website\"},\"datePublished\":\"2023-05-25T11:21:33+00:00\",\"dateModified\":\"2024-04-30T10:23:30+00:00\",\"breadcrumb\":{\"@id\":\"https:\\\/\\\/packmonster.de\\\/kostenrechner\\\/#breadcrumb\"},\"inLanguage\":\"en-GB\",\"potentialAction\":[{\"@type\":\"ReadAction\",\"target\":[\"https:\\\/\\\/packmonster.de\\\/kostenrechner\\\/\"]}]},{\"@type\":\"BreadcrumbList\",\"@id\":\"https:\\\/\\\/packmonster.de\\\/kostenrechner\\\/#breadcrumb\",\"itemListElement\":[{\"@type\":\"ListItem\",\"position\":1,\"name\":\"Home\",\"item\":\"https:\\\/\\\/packmonster.de\\\/\"},{\"@type\":\"ListItem\",\"position\":2,\"name\":\"Kostenrechner\"}]},{\"@type\":\"WebSite\",\"@id\":\"https:\\\/\\\/packmonster.de\\\/#website\",\"url\":\"https:\\\/\\\/packmonster.de\\\/\",\"name\":\"Packmonster Fulfillment\",\"description\":\"Wir versenden Ihr Business - Picken, Packen, Lager, Retouren.\",\"publisher\":{\"@id\":\"https:\\\/\\\/packmonster.de\\\/#organization\"},\"potentialAction\":[{\"@type\":\"SearchAction\",\"target\":{\"@type\":\"EntryPoint\",\"urlTemplate\":\"https:\\\/\\\/packmonster.de\\\/?s={search_term_string}\"},\"query-input\":{\"@type\":\"PropertyValueSpecification\",\"valueRequired\":true,\"valueName\":\"search_term_string\"}}],\"inLanguage\":\"en-GB\"},{\"@type\":\"Organization\",\"@id\":\"https:\\\/\\\/packmonster.de\\\/#organization\",\"name\":\"Packmonster Fulfillment GmbH & Co. KG\",\"url\":\"https:\\\/\\\/packmonster.de\\\/\",\"logo\":{\"@type\":\"ImageObject\",\"inLanguage\":\"en-GB\",\"@id\":\"https:\\\/\\\/packmonster.de\\\/#\\\/schema\\\/logo\\\/image\\\/\",\"url\":\"https:\\\/\\\/packmonster.de\\\/wp-content\\\/uploads\\\/2019\\\/09\\\/cropped-logo_packmonster.png\",\"contentUrl\":\"https:\\\/\\\/packmonster.de\\\/wp-content\\\/uploads\\\/2019\\\/09\\\/cropped-logo_packmonster.png\",\"width\":596,\"height\":227,\"caption\":\"Packmonster Fulfillment GmbH & Co. KG\"},\"image\":{\"@id\":\"https:\\\/\\\/packmonster.de\\\/#\\\/schema\\\/logo\\\/image\\\/\"}}]}<\/script>\n<!-- \/ Yoast SEO plugin. -->","yoast_head_json":{"title":"Kostenrechner | Packmonster Fulfillment","robots":{"index":"index","follow":"follow","max-snippet":"max-snippet:-1","max-image-preview":"max-image-preview:large","max-video-preview":"max-video-preview:-1"},"canonical":"https:\/\/packmonster.de\/en\/kostenrechner\/","og_locale":"en_GB","og_type":"article","og_title":"Kostenrechner | Packmonster Fulfillment","og_description":"Unser monsterm\u00e4\u00dfiges Angebot f\u00fcr Deinen Produktversand Du willst Deine Produkte nicht mehr selbst verschicken und lieber unsere Monster t\u00e4tig werden lassen? Dann kalkuliere dir dein erstes unverbindliches Angebot in unserem neuen Fulfillment.\u00a0 Dir gefallen unsere Preise? Dann schreib uns gerne und wir senden dir unsere aktuelle Preisliste und ein finales Angebot f\u00fcr deinen Umzug in [&hellip;]","og_url":"https:\/\/packmonster.de\/en\/kostenrechner\/","og_site_name":"Packmonster Fulfillment","article_modified_time":"2024-04-30T10:23:30+00:00","og_image":[{"width":604,"height":227,"url":"https:\/\/packmonster.de\/wp-content\/uploads\/2019\/09\/logo_packmonster.png","type":"image\/png"}],"twitter_card":"summary_large_image","twitter_misc":{"Estimated reading time":"1 minute"},"schema":{"@context":"https:\/\/schema.org","@graph":[{"@type":"WebPage","@id":"https:\/\/packmonster.de\/kostenrechner\/","url":"https:\/\/packmonster.de\/kostenrechner\/","name":"Kostenrechner | Packmonster Fulfillment","isPartOf":{"@id":"https:\/\/packmonster.de\/#website"},"datePublished":"2023-05-25T11:21:33+00:00","dateModified":"2024-04-30T10:23:30+00:00","breadcrumb":{"@id":"https:\/\/packmonster.de\/kostenrechner\/#breadcrumb"},"inLanguage":"en-GB","potentialAction":[{"@type":"ReadAction","target":["https:\/\/packmonster.de\/kostenrechner\/"]}]},{"@type":"BreadcrumbList","@id":"https:\/\/packmonster.de\/kostenrechner\/#breadcrumb","itemListElement":[{"@type":"ListItem","position":1,"name":"Home","item":"https:\/\/packmonster.de\/"},{"@type":"ListItem","position":2,"name":"Kostenrechner"}]},{"@type":"WebSite","@id":"https:\/\/packmonster.de\/#website","url":"https:\/\/packmonster.de\/","name":"Packmonster Fulfillment","description":"Wir versenden Ihr Business - Picken, Packen, Lager, Retouren.","publisher":{"@id":"https:\/\/packmonster.de\/#organization"},"potentialAction":[{"@type":"SearchAction","target":{"@type":"EntryPoint","urlTemplate":"https:\/\/packmonster.de\/?s={search_term_string}"},"query-input":{"@type":"PropertyValueSpecification","valueRequired":true,"valueName":"search_term_string"}}],"inLanguage":"en-GB"},{"@type":"Organization","@id":"https:\/\/packmonster.de\/#organization","name":"Packmonster Fulfillment GmbH & Co. KG","url":"https:\/\/packmonster.de\/","logo":{"@type":"ImageObject","inLanguage":"en-GB","@id":"https:\/\/packmonster.de\/#\/schema\/logo\/image\/","url":"https:\/\/packmonster.de\/wp-content\/uploads\/2019\/09\/cropped-logo_packmonster.png","contentUrl":"https:\/\/packmonster.de\/wp-content\/uploads\/2019\/09\/cropped-logo_packmonster.png","width":596,"height":227,"caption":"Packmonster Fulfillment GmbH & Co. KG"},"image":{"@id":"https:\/\/packmonster.de\/#\/schema\/logo\/image\/"}}]}},"_links":{"self":[{"href":"https:\/\/packmonster.de\/en\/wp-json\/wp\/v2\/pages\/2021","targetHints":{"allow":["GET"]}}],"collection":[{"href":"https:\/\/packmonster.de\/en\/wp-json\/wp\/v2\/pages"}],"about":[{"href":"https:\/\/packmonster.de\/en\/wp-json\/wp\/v2\/types\/page"}],"author":[{"embeddable":true,"href":"https:\/\/packmonster.de\/en\/wp-json\/wp\/v2\/users\/1"}],"replies":[{"embeddable":true,"href":"https:\/\/packmonster.de\/en\/wp-json\/wp\/v2\/comments?post=2021"}],"version-history":[{"count":26,"href":"https:\/\/packmonster.de\/en\/wp-json\/wp\/v2\/pages\/2021\/revisions"}],"predecessor-version":[{"id":2147,"href":"https:\/\/packmonster.de\/en\/wp-json\/wp\/v2\/pages\/2021\/revisions\/2147"}],"wp:attachment":[{"href":"https:\/\/packmonster.de\/en\/wp-json\/wp\/v2\/media?parent=2021"}],"curies":[{"name":"wp","href":"https:\/\/api.w.org\/{rel}","templated":true}]}}