{"id":101,"date":"2019-10-21T11:15:15","date_gmt":"2019-10-21T09:15:15","guid":{"rendered":"https:\/\/packmonster.bitwa.de\/?page_id=101"},"modified":"2026-03-02T18:56:05","modified_gmt":"2026-03-02T17:56:05","slug":"impressum","status":"publish","type":"page","link":"https:\/\/packmonster.de\/en\/impressum\/","title":{"rendered":"Imprint"},"content":{"rendered":"\t\t<div data-elementor-type=\"wp-page\" data-elementor-id=\"101\" class=\"elementor elementor-101\" data-elementor-post-type=\"page\">\n\t\t\t\t\t\t<section class=\"elementor-section elementor-top-section elementor-element elementor-element-9ab2a3b rechtstexte elementor-section-boxed elementor-section-height-default elementor-section-height-default\" data-id=\"9ab2a3b\" data-element_type=\"section\" data-e-type=\"section\">\n\t\t\t\t\t\t<div class=\"elementor-container elementor-column-gap-default\">\n\t\t\t\t\t<div class=\"elementor-column elementor-col-100 elementor-top-column elementor-element elementor-element-3db5603\" data-id=\"3db5603\" data-element_type=\"column\" data-e-type=\"column\">\n\t\t\t<div class=\"elementor-widget-wrap elementor-element-populated\">\n\t\t\t\t\t\t<div class=\"elementor-element elementor-element-dd5e99b elementor-widget elementor-widget-heading\" data-id=\"dd5e99b\" data-element_type=\"widget\" data-e-type=\"widget\" data-widget_type=\"heading.default\">\n\t\t\t\t<div class=\"elementor-widget-container\">\n\t\t\t\t\t<h1 class=\"elementor-heading-title elementor-size-default\">Impressum<\/h1>\t\t\t\t<\/div>\n\t\t\t\t<\/div>\n\t\t\t\t<div class=\"elementor-element elementor-element-b8ec5df elementor-widget elementor-widget-heading\" data-id=\"b8ec5df\" data-element_type=\"widget\" data-e-type=\"widget\" data-widget_type=\"heading.default\">\n\t\t\t\t<div class=\"elementor-widget-container\">\n\t\t\t\t\t<h4 class=\"elementor-heading-title elementor-size-default\">Angaben gem\u00e4\u00df \u00a7 5 TMG<\/h4>\t\t\t\t<\/div>\n\t\t\t\t<\/div>\n\t\t\t\t<div class=\"elementor-element elementor-element-fb8a4b0 elementor-widget elementor-widget-text-editor\" data-id=\"fb8a4b0\" data-element_type=\"widget\" data-e-type=\"widget\" data-widget_type=\"text-editor.default\">\n\t\t\t\t<div class=\"elementor-widget-container\">\n\t\t\t\t\t\t\t\t\t<p>Packmonster Fulfillment GmbH<br \/>Niedersedlitzer Str. 71<br \/>01257 Dresden<\/p>\t\t\t\t\t\t\t\t<\/div>\n\t\t\t\t<\/div>\n\t\t\t\t<div class=\"elementor-element elementor-element-3f3bd4a elementor-widget elementor-widget-text-editor\" data-id=\"3f3bd4a\" data-element_type=\"widget\" data-e-type=\"widget\" data-widget_type=\"text-editor.default\">\n\t\t\t\t<div class=\"elementor-widget-container\">\n\t\t\t\t\t\t\t\t\t<h5>Vertreten durch<\/h5><p><span style=\"color: var( --e-global-color-text );\">Gesch\u00e4ftsf\u00fchrer: Matthias Neidhardt, Angelo H\u00fcbler, Sebastian M\u00f6bius<\/span><\/p><h5>Kontakt<\/h5><p>Telefon: 0351 214 869 60<br \/>Telefax: 0351 273 610 9<br \/>E-Mail: info@packmonster.de<\/p><h5>Registereintrag<\/h5><p>Eintragung im Handelsregister.<br \/>Registergericht: Dresden<br \/>Registernummer: HRB 45654<\/p><h5>Umsatzsteuer<\/h5><p>Umsatzsteuer-Identifikationsnummer gem\u00e4\u00df \u00a727 a Umsatzsteuergesetz:<br \/>DE347868366<\/p><h5>\u00a0<\/h5><h5>Verantwortlich f\u00fcr den Inhalt nach \u00a7 55 Abs. 2 RStV<\/h5><p>Matthias Neidhardt<br \/>Niedersedlitzer Str. 71<br \/>01257 Dresden<\/p><h5>Haftung f\u00fcr Inhalte<\/h5><p>Als Diensteanbieter sind wir gem\u00e4\u00df \u00a7 7 Abs.1 TMG f\u00fcr eigene Inhalte auf diesen Seiten nach den allgemeinen Gesetzen verantwortlich. Nach \u00a7\u00a7 8 bis 10 TMG sind wir als Diensteanbieter jedoch nicht verpflichtet, \u00fcbermittelte oder gespeicherte fremde Informationen zu \u00fcberwachen oder nach Umst\u00e4nden zu forschen, die auf eine rechtswidrige T\u00e4tigkeit hinweisen.<\/p><p>Verpflichtungen zur Entfernung oder Sperrung der Nutzung von Informationen nach den allgemeinen Gesetzen bleiben hiervon unber\u00fchrt. Eine diesbez\u00fcgliche Haftung ist jedoch erst ab dem Zeitpunkt der Kenntnis einer konkreten Rechtsverletzung m\u00f6glich. Bei Bekanntwerden von entsprechenden Rechtsverletzungen werden wir diese Inhalte umgehend entfernen.<\/p><h5>Haftung f\u00fcr Links<\/h5><p>Unser Angebot enth\u00e4lt Links zu externen Websites Dritter, auf deren Inhalte wir keinen Einfluss haben. Deshalb k\u00f6nnen wir f\u00fcr diese fremden Inhalte auch keine Gew\u00e4hr \u00fcbernehmen. F\u00fcr die Inhalte der verlinkten Seiten ist stets der jeweilige Anbieter oder Betreiber der Seiten verantwortlich. Die verlinkten Seiten wurden zum Zeitpunkt der Verlinkung auf m\u00f6gliche Rechtsverst\u00f6\u00dfe \u00fcberpr\u00fcft. Rechtswidrige Inhalte waren zum Zeitpunkt der Verlinkung nicht erkennbar.<\/p><p>Eine permanente inhaltliche Kontrolle der verlinkten Seiten ist jedoch ohne konkrete Anhaltspunkte einer Rechtsverletzung nicht zumutbar. Bei Bekanntwerden von Rechtsverletzungen werden wir derartige Links umgehend entfernen.<\/p><h5>Urheberrecht<\/h5><p>Die durch die Seitenbetreiber erstellten Inhalte und Werke auf diesen Seiten unterliegen dem deutschen Urheberrecht. Die Vervielf\u00e4ltigung, Bearbeitung, Verbreitung und jede Art der Verwertung au\u00dferhalb der Grenzen des Urheberrechtes bed\u00fcrfen der schriftlichen Zustimmung des jeweiligen Autors bzw. Erstellers. Downloads und Kopien dieser Seite sind nur f\u00fcr den privaten, nicht kommerziellen Gebrauch gestattet.<\/p><p>Soweit die Inhalte auf dieser Seite nicht vom Betreiber erstellt wurden, werden die Urheberrechte Dritter beachtet. Insbesondere werden Inhalte Dritter als solche gekennzeichnet. Sollten Sie trotzdem auf eine Urheberrechtsverletzung aufmerksam werden, bitten wir um einen entsprechenden Hinweis. Bei Bekanntwerden von Rechtsverletzungen werden wir derartige Inhalte umgehend entfernen.<\/p><h5>Fotos<\/h5><p><a href=\"https:\/\/unsplash.com\/\" target=\"_blank\" rel=\"noopener\">unsplash.com<\/a><br \/><a href=\"https:\/\/pixabay.com\" target=\"_blank\" rel=\"noopener\">pixabay.com<\/a><\/p>\t\t\t\t\t\t\t\t<\/div>\n\t\t\t\t<\/div>\n\t\t\t\t\t<\/div>\n\t\t<\/div>\n\t\t\t\t\t<\/div>\n\t\t<\/section>\n\t\t\t\t<section class=\"elementor-section elementor-top-section elementor-element elementor-element-353a219 elementor-section-full_width elementor-section-height-default elementor-section-height-default\" data-id=\"353a219\" data-element_type=\"section\" data-e-type=\"section\">\n\t\t\t\t\t\t<div class=\"elementor-container elementor-column-gap-default\">\n\t\t\t\t\t<div class=\"elementor-column elementor-col-100 elementor-top-column elementor-element elementor-element-19d1981\" data-id=\"19d1981\" data-element_type=\"column\" data-e-type=\"column\">\n\t\t\t<div class=\"elementor-widget-wrap elementor-element-populated\">\n\t\t\t\t\t\t<div class=\"elementor-element elementor-element-8c3c58e elementor-view-stacked elementor-shape-square elementor-widget__width-auto elementor-fixed elementor-hidden-tablet elementor-hidden-mobile elementor-widget elementor-widget-global elementor-global-1148 elementor-widget-icon\" data-id=\"8c3c58e\" data-element_type=\"widget\" data-e-type=\"widget\" data-settings=\"{&quot;_position&quot;:&quot;fixed&quot;,&quot;motion_fx_motion_fx_scrolling&quot;:&quot;yes&quot;,&quot;motion_fx_opacity_effect&quot;:&quot;yes&quot;,&quot;motion_fx_opacity_range&quot;:{&quot;unit&quot;:&quot;%&quot;,&quot;size&quot;:&quot;&quot;,&quot;sizes&quot;:{&quot;start&quot;:0,&quot;end&quot;:10}},&quot;motion_fx_opacity_direction&quot;:&quot;out-in&quot;,&quot;motion_fx_opacity_level&quot;:{&quot;unit&quot;:&quot;px&quot;,&quot;size&quot;:10,&quot;sizes&quot;:[]},&quot;motion_fx_devices&quot;:[&quot;desktop&quot;,&quot;tablet&quot;,&quot;mobile&quot;]}\" data-widget_type=\"icon.default\">\n\t\t\t\t<div class=\"elementor-widget-container\">\n\t\t\t\t\t\t\t<div class=\"elementor-icon-wrapper\">\n\t\t\t<a class=\"elementor-icon\" href=\"#totop\">\n\t\t\t<i aria-hidden=\"true\" class=\"fal fa-angle-up\"><\/i>\t\t\t<\/a>\n\t\t<\/div>\n\t\t\t\t\t\t<\/div>\n\t\t\t\t<\/div>\n\t\t\t\t\t<\/div>\n\t\t<\/div>\n\t\t\t\t\t<\/div>\n\t\t<\/section>\n\t\t\t\t<\/div>\n\t\t","protected":false},"excerpt":{"rendered":"<p>Impressum Angaben gem\u00e4\u00df \u00a7 5 TMG Packmonster Fulfillment GmbHNiedersedlitzer Str. 7101257 Dresden Vertreten durch Gesch\u00e4ftsf\u00fchrer: Matthias Neidhardt, Angelo H\u00fcbler, Sebastian M\u00f6bius Kontakt Telefon: 0351 214 869 60Telefax: 0351 273 610 9E-Mail: info@packmonster.de Registereintrag Eintragung im Handelsregister.Registergericht: DresdenRegisternummer: HRB 45654 Umsatzsteuer Umsatzsteuer-Identifikationsnummer gem\u00e4\u00df \u00a727 a Umsatzsteuergesetz:DE347868366 \u00a0 Verantwortlich f\u00fcr den Inhalt nach \u00a7 55 Abs. 2 [&hellip;]<\/p>\n","protected":false},"author":1,"featured_media":0,"parent":0,"menu_order":0,"comment_status":"closed","ping_status":"closed","template":"","meta":{"footnotes":""},"class_list":["post-101","page","type-page","status-publish","hentry"],"yoast_head":"<!-- This site is optimized with the Yoast SEO plugin v27.5 - https:\/\/yoast.com\/product\/yoast-seo-wordpress\/ -->\n<title>Impressum | Packmonster Fulfillment<\/title>\n<meta name=\"robots\" content=\"noindex, follow\" \/>\n<meta property=\"og:locale\" content=\"en_GB\" \/>\n<meta property=\"og:type\" content=\"article\" \/>\n<meta property=\"og:title\" content=\"Impressum | Packmonster Fulfillment\" \/>\n<meta property=\"og:description\" content=\"Impressum Angaben gem\u00e4\u00df \u00a7 5 TMG Packmonster Fulfillment GmbHNiedersedlitzer Str. 7101257 Dresden Vertreten durch Gesch\u00e4ftsf\u00fchrer: Matthias Neidhardt, Angelo H\u00fcbler, Sebastian M\u00f6bius Kontakt Telefon: 0351 214 869 60Telefax: 0351 273 610 9E-Mail: info@packmonster.de Registereintrag Eintragung im Handelsregister.Registergericht: DresdenRegisternummer: HRB 45654 Umsatzsteuer Umsatzsteuer-Identifikationsnummer gem\u00e4\u00df \u00a727 a Umsatzsteuergesetz:DE347868366 \u00a0 Verantwortlich f\u00fcr den Inhalt nach \u00a7 55 Abs. 2 [&hellip;]\" \/>\n<meta property=\"og:url\" content=\"https:\/\/packmonster.de\/en\/impressum\/\" \/>\n<meta property=\"og:site_name\" content=\"Packmonster Fulfillment\" \/>\n<meta property=\"article:modified_time\" content=\"2026-03-02T17:56:05+00:00\" \/>\n<meta property=\"og:image\" content=\"https:\/\/packmonster.de\/wp-content\/uploads\/2019\/09\/logo_packmonster.png\" \/>\n\t<meta property=\"og:image:width\" content=\"604\" \/>\n\t<meta property=\"og:image:height\" content=\"227\" \/>\n\t<meta property=\"og:image:type\" content=\"image\/png\" \/>\n<meta name=\"twitter:card\" content=\"summary_large_image\" \/>\n<meta name=\"twitter:label1\" content=\"Estimated reading time\" \/>\n\t<meta name=\"twitter:data1\" content=\"3 minutes\" \/>\n<script type=\"application\/ld+json\" class=\"yoast-schema-graph\">{\"@context\":\"https:\\\/\\\/schema.org\",\"@graph\":[{\"@type\":\"WebPage\",\"@id\":\"https:\\\/\\\/packmonster.de\\\/impressum\\\/\",\"url\":\"https:\\\/\\\/packmonster.de\\\/impressum\\\/\",\"name\":\"Impressum | Packmonster Fulfillment\",\"isPartOf\":{\"@id\":\"https:\\\/\\\/packmonster.de\\\/#website\"},\"datePublished\":\"2019-10-21T09:15:15+00:00\",\"dateModified\":\"2026-03-02T17:56:05+00:00\",\"breadcrumb\":{\"@id\":\"https:\\\/\\\/packmonster.de\\\/impressum\\\/#breadcrumb\"},\"inLanguage\":\"en-GB\",\"potentialAction\":[{\"@type\":\"ReadAction\",\"target\":[\"https:\\\/\\\/packmonster.de\\\/impressum\\\/\"]}]},{\"@type\":\"BreadcrumbList\",\"@id\":\"https:\\\/\\\/packmonster.de\\\/impressum\\\/#breadcrumb\",\"itemListElement\":[{\"@type\":\"ListItem\",\"position\":1,\"name\":\"Home\",\"item\":\"https:\\\/\\\/packmonster.de\\\/\"},{\"@type\":\"ListItem\",\"position\":2,\"name\":\"Impressum\"}]},{\"@type\":\"WebSite\",\"@id\":\"https:\\\/\\\/packmonster.de\\\/#website\",\"url\":\"https:\\\/\\\/packmonster.de\\\/\",\"name\":\"Packmonster Fulfillment\",\"description\":\"Wir versenden Ihr Business - Picken, Packen, Lager, Retouren.\",\"publisher\":{\"@id\":\"https:\\\/\\\/packmonster.de\\\/#organization\"},\"potentialAction\":[{\"@type\":\"SearchAction\",\"target\":{\"@type\":\"EntryPoint\",\"urlTemplate\":\"https:\\\/\\\/packmonster.de\\\/?s={search_term_string}\"},\"query-input\":{\"@type\":\"PropertyValueSpecification\",\"valueRequired\":true,\"valueName\":\"search_term_string\"}}],\"inLanguage\":\"en-GB\"},{\"@type\":\"Organization\",\"@id\":\"https:\\\/\\\/packmonster.de\\\/#organization\",\"name\":\"Packmonster Fulfillment GmbH & Co. KG\",\"url\":\"https:\\\/\\\/packmonster.de\\\/\",\"logo\":{\"@type\":\"ImageObject\",\"inLanguage\":\"en-GB\",\"@id\":\"https:\\\/\\\/packmonster.de\\\/#\\\/schema\\\/logo\\\/image\\\/\",\"url\":\"https:\\\/\\\/packmonster.de\\\/wp-content\\\/uploads\\\/2019\\\/09\\\/cropped-logo_packmonster.png\",\"contentUrl\":\"https:\\\/\\\/packmonster.de\\\/wp-content\\\/uploads\\\/2019\\\/09\\\/cropped-logo_packmonster.png\",\"width\":596,\"height\":227,\"caption\":\"Packmonster Fulfillment GmbH & Co. KG\"},\"image\":{\"@id\":\"https:\\\/\\\/packmonster.de\\\/#\\\/schema\\\/logo\\\/image\\\/\"}}]}<\/script>\n<!-- \/ Yoast SEO plugin. -->","yoast_head_json":{"title":"Impressum | Packmonster Fulfillment","robots":{"index":"noindex","follow":"follow"},"og_locale":"en_GB","og_type":"article","og_title":"Impressum | Packmonster Fulfillment","og_description":"Impressum Angaben gem\u00e4\u00df \u00a7 5 TMG Packmonster Fulfillment GmbHNiedersedlitzer Str. 7101257 Dresden Vertreten durch Gesch\u00e4ftsf\u00fchrer: Matthias Neidhardt, Angelo H\u00fcbler, Sebastian M\u00f6bius Kontakt Telefon: 0351 214 869 60Telefax: 0351 273 610 9E-Mail: info@packmonster.de Registereintrag Eintragung im Handelsregister.Registergericht: DresdenRegisternummer: HRB 45654 Umsatzsteuer Umsatzsteuer-Identifikationsnummer gem\u00e4\u00df \u00a727 a Umsatzsteuergesetz:DE347868366 \u00a0 Verantwortlich f\u00fcr den Inhalt nach \u00a7 55 Abs. 2 [&hellip;]","og_url":"https:\/\/packmonster.de\/en\/impressum\/","og_site_name":"Packmonster Fulfillment","article_modified_time":"2026-03-02T17:56:05+00:00","og_image":[{"width":604,"height":227,"url":"https:\/\/packmonster.de\/wp-content\/uploads\/2019\/09\/logo_packmonster.png","type":"image\/png"}],"twitter_card":"summary_large_image","twitter_misc":{"Estimated reading time":"3 minutes"},"schema":{"@context":"https:\/\/schema.org","@graph":[{"@type":"WebPage","@id":"https:\/\/packmonster.de\/impressum\/","url":"https:\/\/packmonster.de\/impressum\/","name":"Impressum | Packmonster Fulfillment","isPartOf":{"@id":"https:\/\/packmonster.de\/#website"},"datePublished":"2019-10-21T09:15:15+00:00","dateModified":"2026-03-02T17:56:05+00:00","breadcrumb":{"@id":"https:\/\/packmonster.de\/impressum\/#breadcrumb"},"inLanguage":"en-GB","potentialAction":[{"@type":"ReadAction","target":["https:\/\/packmonster.de\/impressum\/"]}]},{"@type":"BreadcrumbList","@id":"https:\/\/packmonster.de\/impressum\/#breadcrumb","itemListElement":[{"@type":"ListItem","position":1,"name":"Home","item":"https:\/\/packmonster.de\/"},{"@type":"ListItem","position":2,"name":"Impressum"}]},{"@type":"WebSite","@id":"https:\/\/packmonster.de\/#website","url":"https:\/\/packmonster.de\/","name":"Packmonster Fulfillment","description":"Wir versenden Ihr Business - Picken, Packen, Lager, Retouren.","publisher":{"@id":"https:\/\/packmonster.de\/#organization"},"potentialAction":[{"@type":"SearchAction","target":{"@type":"EntryPoint","urlTemplate":"https:\/\/packmonster.de\/?s={search_term_string}"},"query-input":{"@type":"PropertyValueSpecification","valueRequired":true,"valueName":"search_term_string"}}],"inLanguage":"en-GB"},{"@type":"Organization","@id":"https:\/\/packmonster.de\/#organization","name":"Packmonster Fulfillment GmbH & Co. KG","url":"https:\/\/packmonster.de\/","logo":{"@type":"ImageObject","inLanguage":"en-GB","@id":"https:\/\/packmonster.de\/#\/schema\/logo\/image\/","url":"https:\/\/packmonster.de\/wp-content\/uploads\/2019\/09\/cropped-logo_packmonster.png","contentUrl":"https:\/\/packmonster.de\/wp-content\/uploads\/2019\/09\/cropped-logo_packmonster.png","width":596,"height":227,"caption":"Packmonster Fulfillment GmbH & Co. KG"},"image":{"@id":"https:\/\/packmonster.de\/#\/schema\/logo\/image\/"}}]}},"_links":{"self":[{"href":"https:\/\/packmonster.de\/en\/wp-json\/wp\/v2\/pages\/101","targetHints":{"allow":["GET"]}}],"collection":[{"href":"https:\/\/packmonster.de\/en\/wp-json\/wp\/v2\/pages"}],"about":[{"href":"https:\/\/packmonster.de\/en\/wp-json\/wp\/v2\/types\/page"}],"author":[{"embeddable":true,"href":"https:\/\/packmonster.de\/en\/wp-json\/wp\/v2\/users\/1"}],"replies":[{"embeddable":true,"href":"https:\/\/packmonster.de\/en\/wp-json\/wp\/v2\/comments?post=101"}],"version-history":[{"count":46,"href":"https:\/\/packmonster.de\/en\/wp-json\/wp\/v2\/pages\/101\/revisions"}],"predecessor-version":[{"id":2348,"href":"https:\/\/packmonster.de\/en\/wp-json\/wp\/v2\/pages\/101\/revisions\/2348"}],"wp:attachment":[{"href":"https:\/\/packmonster.de\/en\/wp-json\/wp\/v2\/media?parent=101"}],"curies":[{"name":"wp","href":"https:\/\/api.w.org\/{rel}","templated":true}]}}